{"id":3,"date":"2025-08-14T16:29:41","date_gmt":"2025-08-14T16:29:41","guid":{"rendered":"https:\/\/afiladosturiaso.com\/?page_id=3"},"modified":"2025-11-18T20:02:43","modified_gmt":"2025-11-18T19:02:43","slug":"politica-de-privacidad","status":"publish","type":"page","link":"https:\/\/afiladosturiaso.com\/en\/politica-de-privacidad\/","title":{"rendered":"Politica de Privacidad"},"content":{"rendered":"<h2 class=\"wp-block-heading\">Pol\u00edtica Privacidad <strong>AFILADOS TURIASO, S.L.<\/strong><\/h2>\n\n\n\n<p><strong>AFILADOS TURIASO, S.L.<\/strong>, con CIF\/NIF B50948587, y domicilio en Cl. Paco Martinez Soria, 1 3\u00b0B, Tarazona (50500), SORIA y con correo electr\u00f3nico afitur@yahoo.es y tel\u00e9fono 633779826. El titular es el responsable de los datos personales que son recabados por la navegaci\u00f3n y uso de esta web conforme a los requisitos establecidos por el <strong>REGLAMENTO (UE) 2016\/679<\/strong> relativo a la protecci\u00f3n de datos de las personas f\u00edsicas as\u00ed como conforme a la <strong>Ley 34\/2002 de 11 de julio de Servicios de la Sociedad de la Informaci\u00f3n y del Comercio Electr\u00f3nico (LSSI-CE)<\/strong>.<\/p>\n\n\n\n<p>Al utilizar este sitio web entendemos que ha le\u00eddo y comprendido la informaci\u00f3n que se expone en relaci\u00f3n con el tratamiento de sus datos de car\u00e1cter personal.<\/p>\n\n\n\n<hr class=\"wp-block-separator has-alpha-channel-opacity\"\/>\n\n\n\n<h3 class=\"wp-block-heading\">Pol\u00edtica de protecci\u00f3n de datos<\/h3>\n\n\n\n<p>El responsable aplica el principio de <strong>responsabilidad activa<\/strong> <sup>4<\/sup>en el tratamiento de los datos de car\u00e1cter personal, manteniendo una constante puesta al d\u00eda y una promoci\u00f3n de la mejora continua del sistema de protecci\u00f3n de datos conforme a los requisitos legales exigibles, garantizando en todo caso:<\/p>\n\n\n\n<ul class=\"wp-block-list\">\n<li>el respeto a las libertades y los derechos fundamentales de las personas f\u00edsicas <\/li>\n\n\n\n<li>que los datos son tratados de manera l\u00edcita, leal y transparente <\/li>\n\n\n\n<li>que los datos tratados son exactos, adecuados, pertinentes y limitados en relaci\u00f3n con los fines para los que son recogidos <\/li>\n\n\n\n<li>que los fines para los que son recogidos son expl\u00edcitos y leg\u00edtimos y que no son tratados de manera incompatible con dichos fines <\/li>\n<\/ul>\n\n\n\n<p>La finalidad de este documento es informar a los usuarios sobre qu\u00e9 hacemos con sus datos personales, c\u00f3mo se recaban, para qu\u00e9 se utilizan, los derechos que les asisten as\u00ed como toda la informaci\u00f3n legal necesaria establecida por la normativa vigente.<\/p>\n\n\n\n<hr class=\"wp-block-separator has-alpha-channel-opacity\"\/>\n\n\n\n<h3 class=\"wp-block-heading\">Datos recabados, finalidad y licitud<\/h3>\n\n\n\n<p>Los datos de car\u00e1cter personal tratados son los aportados por los usuarios a trav\u00e9s de los formularios disponibles en este sitio web y son los m\u00ednimos exigibles para poder:<\/p>\n\n\n\n<ul class=\"wp-block-list\">\n<li>enviarle informaci\u00f3n sobre nuestros productos \/ servicios <\/li>\n\n\n\n<li>atender consultas <\/li>\n\n\n\n<li>tramitar pedidos, as\u00ed como poder elaborar las facturas correspondientes, informar sobre el estado de los pedidos, atender reclamaciones y cualquier otra gesti\u00f3n derivada de la prestaci\u00f3n del servicio realizado a trav\u00e9s de este sitio web <\/li>\n<\/ul>\n\n\n\n<p>Dichas finalidades est\u00e1n basadas en principios legales de tratamiento de los datos recogidos por la normativa vigente:<\/p>\n\n\n\n<ul class=\"wp-block-list\">\n<li>Para la ejecuci\u00f3n de un contrato o la prestaci\u00f3n de un servicio a los usuarios<\/li>\n\n\n\n<li>Para el cumplimiento de obligaciones legales.<\/li>\n\n\n\n<li>Por el inter\u00e9s leg\u00edtimo.<\/li>\n\n\n\n<li>Con el consentimiento de los usuarios.<\/li>\n<\/ul>\n\n\n\n<h4 class=\"wp-block-heading\">Formularios web<\/h4>\n\n\n\n<ul class=\"wp-block-list\">\n<li>Los datos personales recabados a trav\u00e9s del formulario web de contacto se usan para poder atender cualquier consulta que el usuario realice.<\/li>\n\n\n\n<li>Los datos personales recabados en el formulario de pedidos tienen la finalidad de tratar los datos necesarios para la correcta gesti\u00f3n de sus pedidos.<\/li>\n\n\n\n<li>El tratamiento de los datos est\u00e1 legitimado por el <strong>consentimiento<\/strong> que usted nos presta al aceptar expresamente las condiciones del tratamiento informadas a trav\u00e9s de esta pol\u00edtica de privacidad.<\/li>\n<\/ul>\n\n\n\n<hr class=\"wp-block-separator has-alpha-channel-opacity\"\/>\n\n\n\n<h3 class=\"wp-block-heading\">Destinatarios de los datos<\/h3>\n\n\n\n<p>Sus datos personales <strong>no ser\u00e1n comunicados a terceros<\/strong>, con la salvedad de que dicha comunicaci\u00f3n de datos est\u00e9 amparada en una <strong>obligaci\u00f3n legal<\/strong> o cuando sea necesario para la correcta prestaci\u00f3n del servicio o la ejecuci\u00f3n del contrato. Esto incluye comunicar sus datos a terceros para<\/p>\n\n\n\n<ul class=\"wp-block-list\">\n<li>Efectuar el pago (<strong>pasarelas de pago<\/strong>).<\/li>\n\n\n\n<li>Gestionar las entregas de los productos (<strong>transportistas<\/strong>).<\/li>\n<\/ul>\n\n\n\n<p>Para los casos en los que la comunicaci\u00f3n de datos a terceros no est\u00e9 amparada en las bases legales, solo se realizar\u00e1 si el usuario ha dado su <strong>consentimiento expreso<\/strong>.<\/p>\n\n\n\n<p><strong>Pasarelas de pago mencionadas:<\/strong><\/p>\n\n\n\n<ul class=\"wp-block-list\">\n<li><strong>Redsys Servicios de Procesamiento, S.L.<\/strong>: Su pol\u00edtica de privacidad puede consultarse en https:www.redsys.es\/legal\/20180223_politica_de_privacidad_web_publica_redsys.pdf.<\/li>\n\n\n\n<li><strong>PayPal (Europe) S.\u00e0.r.l. et Cie, S.C.A.<\/strong>: Su pol\u00edtica de privacidad puede consultarse en <a href=\"https:\/\/www.paypal.com\/es\/webapps\/mpp\/ua\/privacy-full?locale.x=es_ES#1\" target=\"_blank\" rel=\"noreferrer noopener\">https:\/\/www.paypal.com\/es\/webapps\/mpp\/ua\/privacy-full?locale.x=es_ES#1<\/a>.<\/li>\n<\/ul>\n\n\n\n<p>En caso de que existan <strong>transferencias internacionales de datos<\/strong>, AFILADOS TURIASO, S.L. garantizar\u00e1 que se realice de conformidad con las leyes de privacidad aplicables y que se apliquen las medidas contractuales, t\u00e9cnicas y organizativas necesarias, como las cl\u00e1usulas contractuales est\u00e1ndar aprobadas por la Comisi\u00f3n Europea.<\/p>\n\n\n\n<hr class=\"wp-block-separator has-alpha-channel-opacity\"\/>\n\n\n\n<h3 class=\"wp-block-heading\">Medidas t\u00e9cnicas y organizativas de protecci\u00f3n de datos<\/h3>\n\n\n\n<ul class=\"wp-block-list\">\n<li>Los soportes cuentan con las medidas t\u00e9cnicas y organizativas necesarias que garantizan la confidencialidad y la conservaci\u00f3n de los datos personales.<\/li>\n\n\n\n<li>Los datos personales recabados desde la web son tratados mediante protocolo <strong>HTML con certificado SSL v\u00e1lido<\/strong>.<\/li>\n\n\n\n<li>El personal implicado en el tratamiento de datos est\u00e1 capacitado, formado y comprometido con esta pol\u00edtica de protecci\u00f3n de datos.<\/li>\n<\/ul>\n\n\n\n<hr class=\"wp-block-separator has-alpha-channel-opacity\"\/>\n\n\n\n<h3 class=\"wp-block-heading\">Conservaci\u00f3n de los datos<\/h3>\n\n\n\n<figure class=\"wp-block-table\"><table class=\"has-fixed-layout\"><thead><tr><td><strong>Datos Recabados<\/strong><\/td><td><strong>Tiempo de Conservaci\u00f3n<\/strong><\/td><\/tr><\/thead><tbody><tr><td>Formulario de contacto<\/td><td>El tiempo necesario para atender la solicitud\/consulta realizada.<\/td><\/tr><tr><td>Formulario de pedidos<\/td><td>Mientras exista una relaci\u00f3n contractual y\/o comercial o hasta que el usuario ejerza su derecho de supresi\u00f3n, cancelaci\u00f3n y\/o limitaci\u00f3n.<\/td><\/tr><tr><td>Informaci\u00f3n comercial (si aceptada)<\/td><td>Hasta que el usuario comunique su decisi\u00f3n de anular dichos env\u00edos comerciales.<\/td><\/tr><\/tbody><\/table><\/figure>\n\n\n\n<p>Vencida la relaci\u00f3n contractual, la informaci\u00f3n se mantendr\u00e1 debidamente <strong>bloqueada<\/strong> sin darle ning\u00fan uso, mientras pueda ser necesaria para el ejercicio o defensa de reclamaciones.<\/p>\n\n\n\n<hr class=\"wp-block-separator has-alpha-channel-opacity\"\/>\n\n\n\n<h3 class=\"wp-block-heading\">Informaci\u00f3n sobre la existencia de decisiones automatizadas (incluida la elaboraci\u00f3n de perfiles)<\/h3>\n\n\n\n<p>Normalmente no se adoptan decisiones autom\u00e1ticas, pero cuando se haga, se dejar\u00e1 claro.<\/p>\n\n\n\n<p>No obstante, <strong>AFILADOS TURIASO, S.L.<\/strong>:<\/p>\n\n\n\n<ul class=\"wp-block-list\">\n<li>Recoge varios apartados dedicados a la <strong>personalizaci\u00f3n de servicios<\/strong> a fin de mostrar publicidad personalizada al ingresar en su sitio Web y tambi\u00e9n para el env\u00edo de comunicaciones personalizadas.<\/li>\n\n\n\n<li>Reconoce la posibilidad de la realizaci\u00f3n de <strong>perfiles<\/strong> para mejorar su oferta de productos o personalizar el env\u00edo de ofertas comerciales o dar un trato m\u00e1s personalizado al cliente.<\/li>\n<\/ul>\n\n\n\n<h4 class=\"wp-block-heading\">Oposici\u00f3n a que los datos sean tratados con fines publicitarios<\/h4>\n\n\n\n<p>Si diste tu consentimiento para fines publicitarios y no deseas seguir recibiendo publicidad, puedes <strong>revocar el consentimiento<\/strong> en cualquier momento enviando un correo electr\u00f3nico a afitur@yahoo.es.<\/p>\n\n\n\n<hr class=\"wp-block-separator has-alpha-channel-opacity\"\/>\n\n\n\n<h3 class=\"wp-block-heading\">Cambios en la Pol\u00edtica de Privacidad<\/h3>\n\n\n\n<p>Es posible que se modifique la informaci\u00f3n. En caso de que el cambio sea <strong>significativo<\/strong> para con su privacidad, se le notificar\u00e1 por distintas v\u00edas a trav\u00e9s de la Plataforma (por ejemplo, a trav\u00e9s de un banner, un pop-up o una notificaci\u00f3n push), o incluso a su direcci\u00f3n de correo electr\u00f3nico, para que pueda revisar los cambios, valorarlos y oponerse o darse de baja en alg\u00fan servicio.<\/p>\n\n\n\n<hr class=\"wp-block-separator has-alpha-channel-opacity\"\/>\n\n\n\n<h2 class=\"wp-block-heading\">AVISO LEGAL<\/h2>\n\n\n\n<h3 class=\"wp-block-heading\">Propiedad intelectual e industrial<\/h3>\n\n\n\n<p>El dise\u00f1o del portal, sus c\u00f3digos fuente, as\u00ed como los logos, marcas y dem\u00e1s signos distintivos pertenecen a <strong>AFILADOS TURIASO, S.L.<\/strong> y est\u00e1n protegidos por los correspondientes derechos de propiedad intelectual e industrial.<\/p>\n\n\n\n<h4 class=\"wp-block-heading\">Reproducci\u00f3n de contenidos<\/h4>\n\n\n\n<p>Queda expresamente <strong>prohibida<\/strong> la reproducci\u00f3n, la distribuci\u00f3n y la comunicaci\u00f3n p\u00fablica de la totalidad o parte de los contenidos de esta p\u00e1gina web, con fines comerciales en cualquier soporte, y por cualquier medio t\u00e9cnico, sin la autorizaci\u00f3n de <strong>AFILADOS TURIASO, S.L.<\/strong>.<\/p>\n\n\n\n<h3 class=\"wp-block-heading\">Responsabilidad de los contenidos<\/h3>\n\n\n\n<p><strong>AFILADOS TURIASO, S.L.<\/strong>:<\/p>\n\n\n\n<ul class=\"wp-block-list\">\n<li>No se hace responsable de la legalidad de otros sitios web de terceros desde los que pueda accederse al portal.<\/li>\n\n\n\n<li>No responde por la legalidad de otros sitios web de terceros, que pudieran estar vinculados o enlazados desde este portal.<\/li>\n\n\n\n<li>No ser\u00e1 responsable del uso que terceros hagan de la informaci\u00f3n publicada, ni tampoco de los da\u00f1os sufridos o p\u00e9rdidas econ\u00f3micas que, de forma directa o indirecta, produzcan perjuicios econ\u00f3micos, materiales o sobre datos.<\/li>\n<\/ul>\n\n\n\n<h3 class=\"wp-block-heading\">Ley aplicable<\/h3>\n\n\n\n<p>La relaci\u00f3n entre el usuario y AFILADOS TURIASO, S.L. se regir\u00e1 por la <strong>normativa vigente y de aplicaci\u00f3n en el territorio nacional<\/strong>.<\/p>\n\n\n\n<p>De surgir cualquier controversia, las partes someter\u00e1n los conflictos a la <strong>jurisdicci\u00f3n ordinaria<\/strong>, someti\u00e9ndose a los Jueces y Tribunales que correspondan conforme a Derecho.<\/p>\n\n\n\n<p>Tambi\u00e9n dispone de un procedimiento de resoluci\u00f3n extrajudicial de controversias gratuito: la plataforma de resoluci\u00f3n de litigios en l\u00ednea de la Uni\u00f3n Europea, accesible a trav\u00e9s del siguiente enlace: <a href=\"https:\/\/ec.europa.eu\/consumers\/odr\/main\/?event=main.home2.show\" target=\"_blank\" rel=\"noreferrer noopener\">https:\/\/ec.europa.eu\/consumers\/odr\/main\/?event=main.home2.show<\/a>.<\/p>\n\n\n\n<hr class=\"wp-block-separator has-alpha-channel-opacity\"\/>\n\n\n\n<h3 class=\"wp-block-heading\">Cookies<\/h3>\n\n\n\n<p>En el caso de emplear tecnolog\u00eda \u00abcookie\u00bb en la web, dispone de un apartado concreto que le informa sobre su existencia as\u00ed como de su pol\u00edtica de uso. Consulte el apartado <strong>\u00abpol\u00edtica de cookies\u00bb<\/strong>. En caso contrario, no se emplean cookies de navegaci\u00f3n.<\/p>\n\n\n\n<hr class=\"wp-block-separator has-alpha-channel-opacity\"\/>\n\n\n\n<h3 class=\"wp-block-heading\">Datos personales de menores<\/h3>\n\n\n\n<p>Esta p\u00e1gina web <strong>no est\u00e1 dirigida a usuarios menores de edad<\/strong><sup>54<\/sup>. Si descubre que por error se ha obtenido informaci\u00f3n personal de un menor, se eliminar\u00e1 dicha informaci\u00f3n lo antes posible.<\/p>\n\n\n\n<hr class=\"wp-block-separator has-alpha-channel-opacity\"\/>\n\n\n\n<h3 class=\"wp-block-heading\">Ejercicio de los derechos de protecci\u00f3n de datos<\/h3>\n\n\n\n<p>De acuerdo con la normativa vigente, el usuario podr\u00e1 ejercer los derechos de <strong>acceso, rectificaci\u00f3n, limitaci\u00f3n de tratamiento, supresi\u00f3n, portabilidad y oposici\u00f3n<\/strong> al tratamiento de sus datos dirigiendo su petici\u00f3n a la direcci\u00f3n postal indicada o al correo electr\u00f3nico <strong>afitur@yahoo.es<\/strong>.<\/p>\n\n\n\n<p>Para cualquier reclamaci\u00f3n, puede dirigirse al correo electr\u00f3nico <strong>afitur@yahoo.es<\/strong> o a la <strong>Agencia Espa\u00f1ola de Protecci\u00f3n de Datos (AEPD)<\/strong>: <a href=\"https:\/\/www.aepd.es\/\" target=\"_blank\" rel=\"noreferrer noopener\">https:\/\/www.aepd.es<\/a>.<\/p>\n\n\n\n<p><\/p>","protected":false},"excerpt":{"rendered":"<p>Pol\u00edtica Privacidad AFILADOS TURIASO, S.L. AFILADOS TURIASO, S.L., con CIF\/NIF B50948587, y domicilio en Cl. Paco Martinez Soria, 1 3\u00b0B, Tarazona (50500), SORIA y con correo electr\u00f3nico afitur@yahoo.es y tel\u00e9fono 633779826. El titular es el responsable de los datos personales que son recabados por la navegaci\u00f3n y uso de esta web conforme a los requisitos [&hellip;]<\/p>\n","protected":false},"author":1,"featured_media":0,"parent":0,"menu_order":0,"comment_status":"closed","ping_status":"open","template":"","meta":{"footnotes":""},"class_list":["post-3","page","type-page","status-publish","hentry"],"blocksy_meta":[],"_links":{"self":[{"href":"https:\/\/afiladosturiaso.com\/en\/wp-json\/wp\/v2\/pages\/3","targetHints":{"allow":["GET"]}}],"collection":[{"href":"https:\/\/afiladosturiaso.com\/en\/wp-json\/wp\/v2\/pages"}],"about":[{"href":"https:\/\/afiladosturiaso.com\/en\/wp-json\/wp\/v2\/types\/page"}],"author":[{"embeddable":true,"href":"https:\/\/afiladosturiaso.com\/en\/wp-json\/wp\/v2\/users\/1"}],"replies":[{"embeddable":true,"href":"https:\/\/afiladosturiaso.com\/en\/wp-json\/wp\/v2\/comments?post=3"}],"version-history":[{"count":0,"href":"https:\/\/afiladosturiaso.com\/en\/wp-json\/wp\/v2\/pages\/3\/revisions"}],"wp:attachment":[{"href":"https:\/\/afiladosturiaso.com\/en\/wp-json\/wp\/v2\/media?parent=3"}],"curies":[{"name":"wp","href":"https:\/\/api.w.org\/{rel}","templated":true}]}}