{"id":1210,"date":"2025-09-10T23:05:16","date_gmt":"2025-09-10T22:05:16","guid":{"rendered":"https:\/\/afiladosturiaso.com\/?post_type=product&#038;p=1210"},"modified":"2025-09-11T17:07:34","modified_gmt":"2025-09-11T16:07:34","slug":"molino-coloidal-alotex","status":"publish","type":"product","link":"https:\/\/afiladosturiaso.com\/en\/product\/molino-coloidal-alotex\/","title":{"rendered":"Molino coloidal &#8211; Alotex"},"content":{"rendered":"<p>La funci\u00f3n b\u00e1sica de este texturizador es la de triturar y emulsionar los alimentos para dejarlos a una textura y granulometr\u00eda uniforme. Con nuestro texturizador mejorar\u00e1n el rendimiento de los productos ya que lo trituraran todo sin tener ninguna p\u00e9rdida de los valores nutricionales de los mismos. Dependiendo de la presi\u00f3n que se le aplica al rotor obtendremos diferentes texturas. No produce vibraciones. Es recomendable entre otras cosas para la elaboraci\u00f3n de dietas trituradas, salsas, cremas y productos que requieran una textura fina, suave y cremosa sin riesgo de particulas e impurezas.<\/p>\n<p>IMPORTANTE!! El texturizador ALOTEX ayuda a no despilfarrar as\u00ed como a mejorar todo desperdicio alimentario<\/p>\n<p>Medida total: 270x500x900mm<\/p>\n<p>Voltaje: 110 \/ 60V \/ Hz<\/p>\n<p>Potencia: 2KW<\/p>\n<p>Peso: 60 kg<\/p>\n<p>RPM 2800<\/p>\n<p>Producci\u00f3n: 300 &#8211; 500 Kg<\/p>","protected":false},"excerpt":{"rendered":"<p>La funci\u00f3n b\u00e1sica de este texturizador es la de triturar y emulsionar los alimentos para dejarlos a una textura y granulometr\u00eda uniforme. Con nuestro texturizador mejorar\u00e1n el rendimiento de los productos ya que lo trituraran todo sin tener ninguna p\u00e9rdida de los valores nutricionales de los mismos. Dependiendo de la presi\u00f3n que se le aplica [&hellip;]<\/p>\n","protected":false},"featured_media":1211,"template":"","meta":[],"product_brand":[59],"product_cat":[27,38],"product_tag":[60],"class_list":{"0":"post-1210","1":"product","2":"type-product","3":"status-publish","4":"has-post-thumbnail","6":"product_brand-alotex","7":"product_cat-maquinaria-industrial-alimentacion","8":"product_cat-ventas","9":"product_tag-molino-coloidal","11":"first","12":"instock","13":"taxable","14":"shipping-taxable","15":"purchasable","16":"product-type-simple"},"_links":{"self":[{"href":"https:\/\/afiladosturiaso.com\/en\/wp-json\/wp\/v2\/product\/1210","targetHints":{"allow":["GET"]}}],"collection":[{"href":"https:\/\/afiladosturiaso.com\/en\/wp-json\/wp\/v2\/product"}],"about":[{"href":"https:\/\/afiladosturiaso.com\/en\/wp-json\/wp\/v2\/types\/product"}],"wp:featuredmedia":[{"embeddable":true,"href":"https:\/\/afiladosturiaso.com\/en\/wp-json\/wp\/v2\/media\/1211"}],"wp:attachment":[{"href":"https:\/\/afiladosturiaso.com\/en\/wp-json\/wp\/v2\/media?parent=1210"}],"wp:term":[{"taxonomy":"product_brand","embeddable":true,"href":"https:\/\/afiladosturiaso.com\/en\/wp-json\/wp\/v2\/product_brand?post=1210"},{"taxonomy":"product_cat","embeddable":true,"href":"https:\/\/afiladosturiaso.com\/en\/wp-json\/wp\/v2\/product_cat?post=1210"},{"taxonomy":"product_tag","embeddable":true,"href":"https:\/\/afiladosturiaso.com\/en\/wp-json\/wp\/v2\/product_tag?post=1210"}],"curies":[{"name":"wp","href":"https:\/\/api.w.org\/{rel}","templated":true}]}}