{"id":671,"date":"2022-05-06T17:40:33","date_gmt":"2022-05-06T17:40:33","guid":{"rendered":"https:\/\/startersites.io\/blocksy\/gadgets\/?post_type=product&#038;p=671"},"modified":"2025-09-11T17:09:17","modified_gmt":"2025-09-11T16:09:17","slug":"valve-index-knuckles","status":"publish","type":"product","link":"https:\/\/afiladosturiaso.com\/en\/product\/valve-index-knuckles\/","title":{"rendered":"MATRIX PLUS S2 T-37 BOOT"},"content":{"rendered":"<p>Descripci\u00f3n de caracter\u00edsticas<\/p>\n<p>DISE\u00d1O B: Bota tobillera (seg\u00fan clasificaci\u00f3n del punto 4 de la norma EN ISO 20345)<br \/>\nCLASE I: Calzado fabricado con cuero y otros materiales (seg\u00fan Tabla 1 de la norma EN ISO 20345)<br \/>\nCATEGOR\u00cdA II<br \/>\nPROTECCI\u00d3N S2 CI SRC (ver recuadro para m\u00e1s informaci\u00f3n)<br \/>\nTALLAS 36 a 47 Europea<br \/>\nCORTE Piel microfibra hidrofugada blanca. Cuadruple cosido hilo blanco. Exento de partes met\u00e1licas. Zona del collar acolchada.<br \/>\nFORRO Forro textil transpirable de poliamida.<br \/>\nAJUSTE Tiradores de velcro.<br \/>\nPLANTILLA Plantilla higi\u00e9nica extra\u00edble, antibacteriana, anat\u00f3mica y transpirable.<br \/>\nPALMILLA Plantilla de fibras aglomeradas, ligera y flexible.<br \/>\nSUELA Poliuretano (PU) expandido inyectado directamente en el corte (sin cosidos ni pegados) de color blanco. Pat\u00edn de Poliuretano (PU) de alta densidad inyectado directamente (sin cosidos ni pegados) de gran resistencia mec\u00e1nica en color azul con componentes anti-hidroliticos ( LLS-Long Lasting Sole). Absorci\u00f3n de energ\u00eda en la zona del tac\u00f3n. Resistente a hidrocarburos.<br \/>\nPUNTERA INTERNA Puntera interna de horma ancha realizada en composite resistente a un impacto de 200 J de energ\u00eda y a una compresi\u00f3n de 15 kN<\/p>","protected":false},"excerpt":{"rendered":"<p>Bota seguridad s2 microfibra blanca hidr\u00f3fuga y transpirable. cu\u00e1druple cosido de seguridad con forro textil transpirable. sin cordones y cierre por gancho y bucle. puntera \u201ccomposite\u201d (en 12568). suela poliuretano bi densidad en color azul turquesa\/blanco (con componentes anti-hidrol\u00edticos (lls \u2013 long lasting sole), con un periodo de almacenamiento sin degradaci\u00f3n de la suela de 6 a\u00f1os m\u00e1ximo, certificado por satra\u00ae). resistente a grasas. calzado esd. talla 36 -47 (eu) tipo de inyecci\u00f3n <\/p>","protected":false},"featured_media":811,"template":"","meta":[],"product_brand":[],"product_cat":[34,38],"product_tag":[],"class_list":{"0":"post-671","1":"product","2":"type-product","3":"status-publish","4":"has-post-thumbnail","6":"product_cat-material-de-seguridad","7":"product_cat-ventas","9":"first","10":"outofstock","11":"taxable","12":"shipping-taxable","13":"purchasable","14":"product-type-variable"},"_links":{"self":[{"href":"https:\/\/afiladosturiaso.com\/en\/wp-json\/wp\/v2\/product\/671","targetHints":{"allow":["GET"]}}],"collection":[{"href":"https:\/\/afiladosturiaso.com\/en\/wp-json\/wp\/v2\/product"}],"about":[{"href":"https:\/\/afiladosturiaso.com\/en\/wp-json\/wp\/v2\/types\/product"}],"wp:featuredmedia":[{"embeddable":true,"href":"https:\/\/afiladosturiaso.com\/en\/wp-json\/wp\/v2\/media\/811"}],"wp:attachment":[{"href":"https:\/\/afiladosturiaso.com\/en\/wp-json\/wp\/v2\/media?parent=671"}],"wp:term":[{"taxonomy":"product_brand","embeddable":true,"href":"https:\/\/afiladosturiaso.com\/en\/wp-json\/wp\/v2\/product_brand?post=671"},{"taxonomy":"product_cat","embeddable":true,"href":"https:\/\/afiladosturiaso.com\/en\/wp-json\/wp\/v2\/product_cat?post=671"},{"taxonomy":"product_tag","embeddable":true,"href":"https:\/\/afiladosturiaso.com\/en\/wp-json\/wp\/v2\/product_tag?post=671"}],"curies":[{"name":"wp","href":"https:\/\/api.w.org\/{rel}","templated":true}]}}