{"id":673,"date":"2022-05-06T17:41:29","date_gmt":"2022-05-06T17:41:29","guid":{"rendered":"https:\/\/startersites.io\/blocksy\/gadgets\/?post_type=product&#038;p=673"},"modified":"2025-09-11T17:08:29","modified_gmt":"2025-09-11T16:08:29","slug":"airtag","status":"publish","type":"product","link":"https:\/\/afiladosturiaso.com\/en\/product\/airtag\/","title":{"rendered":"Vacuum packaging machine"},"content":{"rendered":"<p>De acero inoxidable, con atm\u00f3sfera modificada (MAP), recorte sobrante de bolsa y sistema<br \/>\nde bloqueo de bolsas.<br \/>\nSuperficie de trabajo plana, barras de sellado extra\u00edbles para la correcta limpieza.<br \/>\nLa eficiente bomba de vac\u00edo de 100m3 y la construcci\u00f3n de 2 c\u00e1maras permiten obtener una<br \/>\nalta velocidad de envasado.<br \/>\nLa cubierta se mueve entre las c\u00e1maras por brazos apoyados con un sistema especial de muelles.<br \/>\nEquipada con prensa neum\u00e1tica de juntas de sellado. Independientemente de la presi\u00f3n<br \/>\nen c\u00e1mara, el sistema proporciona una fuerza \u00f3ptima en el proceso de sellado.<br \/>\nEquipada con frenos de ruedas y regulador de alineaci\u00f3n extra\u00edble<\/p>","protected":false},"excerpt":{"rendered":"<p>De acero inoxidable. Opcional:<br \/>\nCon panel digital. Atm\u00f3sfera modificada (MAP).<br \/>\nEquipada con ruedas. Recorte sobrante de bolsa.<br \/>\nBomba de vac\u00edo de 63 m3 Bomba de vac\u00edo de 100 m3<br \/>\nEquipada con frenos de ruedas y regulador de alineaci\u00f3n extra\u00edble<\/p>","protected":false},"featured_media":711,"template":"","meta":[],"product_brand":[],"product_cat":[27,38],"product_tag":[28],"class_list":{"0":"post-673","1":"product","2":"type-product","3":"status-publish","4":"has-post-thumbnail","6":"product_cat-maquinaria-industrial-alimentacion","7":"product_cat-ventas","8":"product_tag-termoselladora-alimentacion","10":"first","11":"instock","12":"taxable","13":"shipping-taxable","14":"purchasable","15":"product-type-simple"},"_links":{"self":[{"href":"https:\/\/afiladosturiaso.com\/en\/wp-json\/wp\/v2\/product\/673","targetHints":{"allow":["GET"]}}],"collection":[{"href":"https:\/\/afiladosturiaso.com\/en\/wp-json\/wp\/v2\/product"}],"about":[{"href":"https:\/\/afiladosturiaso.com\/en\/wp-json\/wp\/v2\/types\/product"}],"wp:featuredmedia":[{"embeddable":true,"href":"https:\/\/afiladosturiaso.com\/en\/wp-json\/wp\/v2\/media\/711"}],"wp:attachment":[{"href":"https:\/\/afiladosturiaso.com\/en\/wp-json\/wp\/v2\/media?parent=673"}],"wp:term":[{"taxonomy":"product_brand","embeddable":true,"href":"https:\/\/afiladosturiaso.com\/en\/wp-json\/wp\/v2\/product_brand?post=673"},{"taxonomy":"product_cat","embeddable":true,"href":"https:\/\/afiladosturiaso.com\/en\/wp-json\/wp\/v2\/product_cat?post=673"},{"taxonomy":"product_tag","embeddable":true,"href":"https:\/\/afiladosturiaso.com\/en\/wp-json\/wp\/v2\/product_tag?post=673"}],"curies":[{"name":"wp","href":"https:\/\/api.w.org\/{rel}","templated":true}]}}